{"id":75,"date":"2022-01-21T13:46:35","date_gmt":"2022-01-21T12:46:35","guid":{"rendered":"https:\/\/www.trouville.fr\/rencontresgeopolitiques\/?page_id=75"},"modified":"2025-08-13T10:02:39","modified_gmt":"2025-08-13T08:02:39","slug":"archives","status":"publish","type":"page","link":"https:\/\/www.trouville.fr\/rencontresgeopolitiques\/archives\/","title":{"rendered":"Archives"},"content":{"rendered":"\n<div class=\"wp-block-cover alignfull\" style=\"min-height:428px;aspect-ratio:unset;\"><span aria-hidden=\"true\" class=\"wp-block-cover__background has-nv-site-bg-background-color has-background-dim-100 has-background-dim\"><\/span><div class=\"wp-block-cover__inner-container is-layout-flow wp-block-cover-is-layout-flow\">\n\t\t\t<div class=\"wp-block-uagb-post-carousel uagb-post-grid  uagb-post__image-position-top uagb-post__image-enabled uagb-block-e27bb461     uagb-post__arrow-outside uagb-slick-carousel uagb-post__items uagb-post__columns-3 is-carousel uagb-post__columns-tablet-2 uagb-post__columns-mobile-1 uagb-post__carousel_equal-height\" data-total=\"1\" style=\"\">\n\n\t\t\t\t\t\t\t\t\t\t\t\t<article class=\"uagb-post__inner-wrap\">\t\t\t\t\t\t\t\t<h2 class=\"uagb-post__title uagb-post__text\">\n\t\t\t\t<a href=\"https:\/\/www.trouville.fr\/rencontresgeopolitiques\/2024-2\/\" target=\"_self\" rel=\"bookmark noopener noreferrer\">2024<\/a>\n\t\t\t<\/h2>\n\t\t\t\t\t\t<div class='uagb-post__text uagb-post-grid-byline'>\n\t\t\t\t\t\t\t<\/div>\n\t\t\t\t\t\t\t<div class='uagb-post__text uagb-post__excerpt'>\n\t\t\t\t\t<p>LES FEMMES ET LE POUVOIR \u2022 9\u00e8mes\u00a0Rencontres G\u00e9opolitiques de&#8230;\t\t\t\t<\/div>\n\t\t\t\n\t\t\t\t\t\t\t\t\t<\/article>\n\t\t\t\t\t\t\t\t\t\t\t\t\t\t\t\t<article class=\"uagb-post__inner-wrap\">\t\t\t\t\t\t\t\t<h2 class=\"uagb-post__title uagb-post__text\">\n\t\t\t\t<a href=\"https:\/\/www.trouville.fr\/rencontresgeopolitiques\/2023-2\/\" target=\"_self\" rel=\"bookmark noopener noreferrer\">2023<\/a>\n\t\t\t<\/h2>\n\t\t\t\t\t\t<div class='uagb-post__text uagb-post-grid-byline'>\n\t\t\t\t\t\t\t<\/div>\n\t\t\t\t\t\t\t<div class='uagb-post__text uagb-post__excerpt'>\n\t\t\t\t\t<p>MERS ET OC\u00c9ANS \u00b7 8\u00e8mes\u00a0Rencontres G\u00e9opolitiques de Trouville-sur-Mer Scolaires&#8230;\t\t\t\t<\/div>\n\t\t\t\n\t\t\t\t\t\t\t\t\t<\/article>\n\t\t\t\t\t\t\t\t\t\t\t\t\t\t\t\t<article class=\"uagb-post__inner-wrap\">\t\t\t\t\t\t\t\t<h2 class=\"uagb-post__title uagb-post__text\">\n\t\t\t\t<a href=\"https:\/\/www.trouville.fr\/rencontresgeopolitiques\/2022-2\/\" target=\"_self\" rel=\"bookmark noopener noreferrer\">2022<\/a>\n\t\t\t<\/h2>\n\t\t\t\t\t\t<div class='uagb-post__text uagb-post-grid-byline'>\n\t\t\t\t\t\t\t<\/div>\n\t\t\t\t\t\t\t<div class='uagb-post__text uagb-post__excerpt'>\n\t\t\t\t\t<p>O\u00d9 VA L\u2019AM\u00c9RIQUE ? \u00b7 7\u00e8mes\u00a0Rencontres G\u00e9opolitiques de Trouville-sur-Mer&#8230;\t\t\t\t<\/div>\n\t\t\t\n\t\t\t\t\t\t\t\t\t<\/article>\n\t\t\t\t\t\t\t\t\t\t\t\t\t\t\t\t<article class=\"uagb-post__inner-wrap\">\t\t\t\t\t\t\t\t<h2 class=\"uagb-post__title uagb-post__text\">\n\t\t\t\t<a href=\"https:\/\/www.trouville.fr\/rencontresgeopolitiques\/archives\/2021-6emes\/\" target=\"_self\" rel=\"bookmark noopener noreferrer\">2021<\/a>\n\t\t\t<\/h2>\n\t\t\t\t\t\t<div class='uagb-post__text uagb-post-grid-byline'>\n\t\t\t\t\t\t\t<\/div>\n\t\t\t\t\t\t\t<div class='uagb-post__text uagb-post__excerpt'>\n\t\t\t\t\t<p>LES M\u00c9DITERRAN\u00c9ES \u00b7 6\u00e8mes Rencontres Internationales G\u00e9opolitiques de Trouville-sur-Mer&#8230;\t\t\t\t<\/div>\n\t\t\t\n\t\t\t\t\t\t\t\t\t<\/article>\n\t\t\t\t\t\t\t\t\t\t\t\t\t\t\t\t<article class=\"uagb-post__inner-wrap\">\t\t\t\t\t\t\t\t<h2 class=\"uagb-post__title uagb-post__text\">\n\t\t\t\t<a href=\"https:\/\/www.trouville.fr\/rencontresgeopolitiques\/archives\/2020-5emes\/\" target=\"_self\" rel=\"bookmark noopener noreferrer\">2020<\/a>\n\t\t\t<\/h2>\n\t\t\t\t\t\t<div class='uagb-post__text uagb-post-grid-byline'>\n\t\t\t\t\t\t\t<\/div>\n\t\t\t\t\t\t\t<div class='uagb-post__text uagb-post__excerpt'>\n\t\t\t\t\t<p>M\u00c9MOIRE ET G\u00c9OPOLITIQUE \u00b7 5\u00e8mes Rencontres Internationales G\u00e9opolitiques ORGANIS\u00c9&#8230;\t\t\t\t<\/div>\n\t\t\t\n\t\t\t\t\t\t\t\t\t<\/article>\n\t\t\t\t\t\t\t\t\t\t\t\t\t\t\t\t<article class=\"uagb-post__inner-wrap\">\t\t\t\t\t\t\t\t<h2 class=\"uagb-post__title uagb-post__text\">\n\t\t\t\t<a href=\"https:\/\/www.trouville.fr\/rencontresgeopolitiques\/archives\/2019-4emes\/\" target=\"_self\" rel=\"bookmark noopener noreferrer\">2019<\/a>\n\t\t\t<\/h2>\n\t\t\t\t\t\t<div class='uagb-post__text uagb-post-grid-byline'>\n\t\t\t\t\t\t\t<\/div>\n\t\t\t\t\t\t\t<div class='uagb-post__text uagb-post__excerpt'>\n\t\t\t\t\t<p>LES FRONTI\u00c8RES \u00b7 4\u00e8mes Rencontres Internationales G\u00e9opolitiques ORGANIS\u00c9 PAR&#8230;\t\t\t\t<\/div>\n\t\t\t\n\t\t\t\t\t\t\t\t\t<\/article>\n\t\t\t\t\t\t\t\t\t\t\t\t\t\t\t\t<article class=\"uagb-post__inner-wrap\">\t\t\t\t\t\t\t\t<h2 class=\"uagb-post__title uagb-post__text\">\n\t\t\t\t<a href=\"https:\/\/www.trouville.fr\/rencontresgeopolitiques\/archives\/2018-3emes\/\" target=\"_self\" rel=\"bookmark noopener noreferrer\">2018<\/a>\n\t\t\t<\/h2>\n\t\t\t\t\t\t<div class='uagb-post__text uagb-post-grid-byline'>\n\t\t\t\t\t\t\t<\/div>\n\t\t\t\t\t\t\t<div class='uagb-post__text uagb-post__excerpt'>\n\t\t\t\t\t<p>GUERRES DE DEMAIN : LES COMPRENDRE, LES PR\u00c9VENIR \u2026&#8230;\t\t\t\t<\/div>\n\t\t\t\n\t\t\t\t\t\t\t\t\t<\/article>\n\t\t\t\t\t\t\t\t\t\t\t\t\t\t\t\t<article class=\"uagb-post__inner-wrap\">\t\t\t\t\t\t\t\t<h2 class=\"uagb-post__title uagb-post__text\">\n\t\t\t\t<a href=\"https:\/\/www.trouville.fr\/rencontresgeopolitiques\/archives\/2017-2emes\/\" target=\"_self\" rel=\"bookmark noopener noreferrer\">2017<\/a>\n\t\t\t<\/h2>\n\t\t\t\t\t\t<div class='uagb-post__text uagb-post-grid-byline'>\n\t\t\t\t\t\t\t<\/div>\n\t\t\t\t\t\t\t<div class='uagb-post__text uagb-post__excerpt'>\n\t\t\t\t\t<p>1917 \u2013 2017 : LES OCCIDENTAUX ET LE MOYEN-ORIENT&#8230;\t\t\t\t<\/div>\n\t\t\t\n\t\t\t\t\t\t\t\t\t<\/article>\n\t\t\t\t\t\t\t\t\t\t\t\t\t\t\t\t<article class=\"uagb-post__inner-wrap\">\t\t\t\t\t\t\t\t<h2 class=\"uagb-post__title uagb-post__text\">\n\t\t\t\t<a href=\"https:\/\/www.trouville.fr\/rencontresgeopolitiques\/archives\/2016-1eres\/\" target=\"_self\" rel=\"bookmark noopener noreferrer\">2016<\/a>\n\t\t\t<\/h2>\n\t\t\t\t\t\t<div class='uagb-post__text uagb-post-grid-byline'>\n\t\t\t\t\t\t\t<\/div>\n\t\t\t\t\t\t\t<div class='uagb-post__text uagb-post__excerpt'>\n\t\t\t\t\t<p>LA FRANCE EST-ELLE UNE GRANDE PUISSANCE ? \u00b7 1\u00e8res\u00a0Rencontres&#8230;\t\t\t\t<\/div>\n\t\t\t\n\t\t\t\t\t\t\t\t\t<\/article>\n\t\t\t\t\t\t\t\t\t\t\t<\/div>\n\t\t\t<\/div><\/div>\n\n\n\n<figure class=\"wp-block-gallery has-nested-images columns-default is-cropped wp-block-gallery-1 is-layout-flex wp-block-gallery-is-layout-flex\">\n<figure class=\"wp-block-image size-large\"><a href=\"https:\/\/www.trouville.fr\/rencontresgeopolitiques\/wp-content\/uploads\/2025\/08\/Dimanches-Geopolitiques-AOUT.jpg\"><img loading=\"lazy\" decoding=\"async\" width=\"725\" height=\"1024\" data-id=\"1314\" src=\"https:\/\/www.trouville.fr\/rencontresgeopolitiques\/wp-content\/uploads\/2025\/08\/Dimanches-Geopolitiques-AOUT-725x1024.jpg\" alt=\"\" class=\"wp-image-1314\" srcset=\"https:\/\/www.trouville.fr\/rencontresgeopolitiques\/wp-content\/uploads\/2025\/08\/Dimanches-Geopolitiques-AOUT-725x1024.jpg 725w, https:\/\/www.trouville.fr\/rencontresgeopolitiques\/wp-content\/uploads\/2025\/08\/Dimanches-Geopolitiques-AOUT-212x300.jpg 212w, https:\/\/www.trouville.fr\/rencontresgeopolitiques\/wp-content\/uploads\/2025\/08\/Dimanches-Geopolitiques-AOUT-768x1085.jpg 768w, https:\/\/www.trouville.fr\/rencontresgeopolitiques\/wp-content\/uploads\/2025\/08\/Dimanches-Geopolitiques-AOUT-1087x1536.jpg 1087w, https:\/\/www.trouville.fr\/rencontresgeopolitiques\/wp-content\/uploads\/2025\/08\/Dimanches-Geopolitiques-AOUT.jpg 1123w\" sizes=\"auto, (max-width: 725px) 100vw, 725px\" \/><\/a><\/figure>\n\n\n\n<figure class=\"wp-block-image size-large\"><a href=\"https:\/\/www.trouville.fr\/rencontresgeopolitiques\/wp-content\/uploads\/2025\/08\/Dimanches-Geopolitiques-6-AVRIL.jpg\"><img loading=\"lazy\" decoding=\"async\" width=\"724\" height=\"1024\" data-id=\"1315\" src=\"https:\/\/www.trouville.fr\/rencontresgeopolitiques\/wp-content\/uploads\/2025\/08\/Dimanches-Geopolitiques-6-AVRIL-724x1024.jpg\" alt=\"\" class=\"wp-image-1315\" srcset=\"https:\/\/www.trouville.fr\/rencontresgeopolitiques\/wp-content\/uploads\/2025\/08\/Dimanches-Geopolitiques-6-AVRIL-724x1024.jpg 724w, https:\/\/www.trouville.fr\/rencontresgeopolitiques\/wp-content\/uploads\/2025\/08\/Dimanches-Geopolitiques-6-AVRIL-212x300.jpg 212w, https:\/\/www.trouville.fr\/rencontresgeopolitiques\/wp-content\/uploads\/2025\/08\/Dimanches-Geopolitiques-6-AVRIL-768x1086.jpg 768w, https:\/\/www.trouville.fr\/rencontresgeopolitiques\/wp-content\/uploads\/2025\/08\/Dimanches-Geopolitiques-6-AVRIL-1086x1536.jpg 1086w, https:\/\/www.trouville.fr\/rencontresgeopolitiques\/wp-content\/uploads\/2025\/08\/Dimanches-Geopolitiques-6-AVRIL.jpg 1200w\" sizes=\"auto, (max-width: 724px) 100vw, 724px\" \/><\/a><\/figure>\n\n\n\n<figure class=\"wp-block-image size-large\"><a href=\"https:\/\/www.trouville.fr\/rencontresgeopolitiques\/wp-content\/uploads\/2025\/08\/Dimanches-Geopolitiques-2-FEVRIER.jpg\"><img loading=\"lazy\" decoding=\"async\" width=\"725\" height=\"1024\" data-id=\"1316\" src=\"https:\/\/www.trouville.fr\/rencontresgeopolitiques\/wp-content\/uploads\/2025\/08\/Dimanches-Geopolitiques-2-FEVRIER-725x1024.jpg\" alt=\"\" class=\"wp-image-1316\" srcset=\"https:\/\/www.trouville.fr\/rencontresgeopolitiques\/wp-content\/uploads\/2025\/08\/Dimanches-Geopolitiques-2-FEVRIER-725x1024.jpg 725w, https:\/\/www.trouville.fr\/rencontresgeopolitiques\/wp-content\/uploads\/2025\/08\/Dimanches-Geopolitiques-2-FEVRIER-212x300.jpg 212w, https:\/\/www.trouville.fr\/rencontresgeopolitiques\/wp-content\/uploads\/2025\/08\/Dimanches-Geopolitiques-2-FEVRIER-768x1085.jpg 768w, https:\/\/www.trouville.fr\/rencontresgeopolitiques\/wp-content\/uploads\/2025\/08\/Dimanches-Geopolitiques-2-FEVRIER-1087x1536.jpg 1087w, https:\/\/www.trouville.fr\/rencontresgeopolitiques\/wp-content\/uploads\/2025\/08\/Dimanches-Geopolitiques-2-FEVRIER.jpg 1123w\" sizes=\"auto, (max-width: 725px) 100vw, 725px\" \/><\/a><\/figure>\n\n\n\n<figure class=\"wp-block-image size-large\"><a href=\"https:\/\/www.trouville.fr\/rencontresgeopolitiques\/wp-content\/uploads\/2023\/06\/A3-Dimanches-Geopolitiques-2-juillet-2023.jpg\"><img loading=\"lazy\" decoding=\"async\" width=\"718\" height=\"1024\" data-id=\"1114\" src=\"https:\/\/www.trouville.fr\/rencontresgeopolitiques\/wp-content\/uploads\/2023\/06\/A3-Dimanches-Geopolitiques-2-juillet-2023-718x1024.jpg\" alt=\"\" class=\"wp-image-1114\" srcset=\"https:\/\/www.trouville.fr\/rencontresgeopolitiques\/wp-content\/uploads\/2023\/06\/A3-Dimanches-Geopolitiques-2-juillet-2023-718x1024.jpg 718w, https:\/\/www.trouville.fr\/rencontresgeopolitiques\/wp-content\/uploads\/2023\/06\/A3-Dimanches-Geopolitiques-2-juillet-2023-210x300.jpg 210w, https:\/\/www.trouville.fr\/rencontresgeopolitiques\/wp-content\/uploads\/2023\/06\/A3-Dimanches-Geopolitiques-2-juillet-2023-768x1095.jpg 768w, https:\/\/www.trouville.fr\/rencontresgeopolitiques\/wp-content\/uploads\/2023\/06\/A3-Dimanches-Geopolitiques-2-juillet-2023-1077x1536.jpg 1077w, https:\/\/www.trouville.fr\/rencontresgeopolitiques\/wp-content\/uploads\/2023\/06\/A3-Dimanches-Geopolitiques-2-juillet-2023-1436x2048.jpg 1436w, https:\/\/www.trouville.fr\/rencontresgeopolitiques\/wp-content\/uploads\/2023\/06\/A3-Dimanches-Geopolitiques-2-juillet-2023.jpg 1701w\" sizes=\"auto, (max-width: 718px) 100vw, 718px\" \/><\/a><\/figure>\n\n\n\n<figure class=\"wp-block-image size-large\"><a href=\"https:\/\/www.trouville.fr\/rencontresgeopolitiques\/wp-content\/uploads\/2023\/04\/Dimanches-Geopolitiques-2023-2.jpg\"><img loading=\"lazy\" decoding=\"async\" width=\"718\" height=\"1024\" data-id=\"1109\" src=\"https:\/\/www.trouville.fr\/rencontresgeopolitiques\/wp-content\/uploads\/2023\/04\/Dimanches-Geopolitiques-2023-2-718x1024.jpg\" alt=\"\" class=\"wp-image-1109\" srcset=\"https:\/\/www.trouville.fr\/rencontresgeopolitiques\/wp-content\/uploads\/2023\/04\/Dimanches-Geopolitiques-2023-2-718x1024.jpg 718w, https:\/\/www.trouville.fr\/rencontresgeopolitiques\/wp-content\/uploads\/2023\/04\/Dimanches-Geopolitiques-2023-2-210x300.jpg 210w, https:\/\/www.trouville.fr\/rencontresgeopolitiques\/wp-content\/uploads\/2023\/04\/Dimanches-Geopolitiques-2023-2-768x1095.jpg 768w, https:\/\/www.trouville.fr\/rencontresgeopolitiques\/wp-content\/uploads\/2023\/04\/Dimanches-Geopolitiques-2023-2-1077x1536.jpg 1077w, https:\/\/www.trouville.fr\/rencontresgeopolitiques\/wp-content\/uploads\/2023\/04\/Dimanches-Geopolitiques-2023-2-1436x2048.jpg 1436w, https:\/\/www.trouville.fr\/rencontresgeopolitiques\/wp-content\/uploads\/2023\/04\/Dimanches-Geopolitiques-2023-2.jpg 1706w\" sizes=\"auto, (max-width: 718px) 100vw, 718px\" \/><\/a><\/figure>\n<\/figure>\n","protected":false},"excerpt":{"rendered":"","protected":false},"author":1,"featured_media":439,"parent":0,"menu_order":0,"comment_status":"closed","ping_status":"closed","template":"","meta":{"om_disable_all_campaigns":false,"_uag_custom_page_level_css":"","_monsterinsights_skip_tracking":false,"_monsterinsights_sitenote_active":false,"_monsterinsights_sitenote_note":"","_monsterinsights_sitenote_category":0,"neve_meta_sidebar":"","neve_meta_container":"default","neve_meta_enable_content_width":"","neve_meta_content_width":0,"neve_meta_title_alignment":"","neve_meta_author_avatar":"","neve_post_elements_order":"","neve_meta_disable_header":"off","neve_meta_disable_footer":"","neve_meta_disable_title":"","pgc_sgb_lightbox_settings":"","footnotes":""},"categories":[],"tags":[],"class_list":["post-75","page","type-page","status-publish","has-post-thumbnail","hentry"],"aioseo_notices":[],"featured_image_src":"https:\/\/www.trouville.fr\/rencontresgeopolitiques\/wp-content\/uploads\/2022\/02\/RIGT_26_sept_2021_BaBXIII-15-BiChromie-Rouge.jpg","featured_image_src_square":"https:\/\/www.trouville.fr\/rencontresgeopolitiques\/wp-content\/uploads\/2022\/02\/RIGT_26_sept_2021_BaBXIII-15-BiChromie-Rouge.jpg","uagb_featured_image_src":{"full":["https:\/\/www.trouville.fr\/rencontresgeopolitiques\/wp-content\/uploads\/2022\/02\/RIGT_26_sept_2021_BaBXIII-15-BiChromie-Rouge.jpg",2000,1334,false],"thumbnail":["https:\/\/www.trouville.fr\/rencontresgeopolitiques\/wp-content\/uploads\/2022\/02\/RIGT_26_sept_2021_BaBXIII-15-BiChromie-Rouge-150x150.jpg",150,150,true],"medium":["https:\/\/www.trouville.fr\/rencontresgeopolitiques\/wp-content\/uploads\/2022\/02\/RIGT_26_sept_2021_BaBXIII-15-BiChromie-Rouge-300x200.jpg",300,200,true],"medium_large":["https:\/\/www.trouville.fr\/rencontresgeopolitiques\/wp-content\/uploads\/2022\/02\/RIGT_26_sept_2021_BaBXIII-15-BiChromie-Rouge-768x512.jpg",768,512,true],"large":["https:\/\/www.trouville.fr\/rencontresgeopolitiques\/wp-content\/uploads\/2022\/02\/RIGT_26_sept_2021_BaBXIII-15-BiChromie-Rouge-1024x683.jpg",1024,683,true],"1536x1536":["https:\/\/www.trouville.fr\/rencontresgeopolitiques\/wp-content\/uploads\/2022\/02\/RIGT_26_sept_2021_BaBXIII-15-BiChromie-Rouge-1536x1025.jpg",1536,1025,true],"2048x2048":["https:\/\/www.trouville.fr\/rencontresgeopolitiques\/wp-content\/uploads\/2022\/02\/RIGT_26_sept_2021_BaBXIII-15-BiChromie-Rouge.jpg",2000,1334,false],"ab-block-post-grid-landscape":["https:\/\/www.trouville.fr\/rencontresgeopolitiques\/wp-content\/uploads\/2022\/02\/RIGT_26_sept_2021_BaBXIII-15-BiChromie-Rouge.jpg",600,400,false],"ab-block-post-grid-square":["https:\/\/www.trouville.fr\/rencontresgeopolitiques\/wp-content\/uploads\/2022\/02\/RIGT_26_sept_2021_BaBXIII-15-BiChromie-Rouge.jpg",600,400,false],"neve-blog":["https:\/\/www.trouville.fr\/rencontresgeopolitiques\/wp-content\/uploads\/2022\/02\/RIGT_26_sept_2021_BaBXIII-15-BiChromie-Rouge-930x620.jpg",930,620,true]},"uagb_author_info":{"display_name":"admin","author_link":"https:\/\/www.trouville.fr\/rencontresgeopolitiques\/author\/admin\/"},"uagb_comment_info":0,"uagb_excerpt":null,"_links":{"self":[{"href":"https:\/\/www.trouville.fr\/rencontresgeopolitiques\/wp-json\/wp\/v2\/pages\/75","targetHints":{"allow":["GET"]}}],"collection":[{"href":"https:\/\/www.trouville.fr\/rencontresgeopolitiques\/wp-json\/wp\/v2\/pages"}],"about":[{"href":"https:\/\/www.trouville.fr\/rencontresgeopolitiques\/wp-json\/wp\/v2\/types\/page"}],"author":[{"embeddable":true,"href":"https:\/\/www.trouville.fr\/rencontresgeopolitiques\/wp-json\/wp\/v2\/users\/1"}],"replies":[{"embeddable":true,"href":"https:\/\/www.trouville.fr\/rencontresgeopolitiques\/wp-json\/wp\/v2\/comments?post=75"}],"version-history":[{"count":56,"href":"https:\/\/www.trouville.fr\/rencontresgeopolitiques\/wp-json\/wp\/v2\/pages\/75\/revisions"}],"predecessor-version":[{"id":1317,"href":"https:\/\/www.trouville.fr\/rencontresgeopolitiques\/wp-json\/wp\/v2\/pages\/75\/revisions\/1317"}],"wp:featuredmedia":[{"embeddable":true,"href":"https:\/\/www.trouville.fr\/rencontresgeopolitiques\/wp-json\/wp\/v2\/media\/439"}],"wp:attachment":[{"href":"https:\/\/www.trouville.fr\/rencontresgeopolitiques\/wp-json\/wp\/v2\/media?parent=75"}],"wp:term":[{"taxonomy":"category","embeddable":true,"href":"https:\/\/www.trouville.fr\/rencontresgeopolitiques\/wp-json\/wp\/v2\/categories?post=75"},{"taxonomy":"post_tag","embeddable":true,"href":"https:\/\/www.trouville.fr\/rencontresgeopolitiques\/wp-json\/wp\/v2\/tags?post=75"}],"curies":[{"name":"wp","href":"https:\/\/api.w.org\/{rel}","templated":true}]}}