{"id":6,"date":"2021-11-29T08:45:52","date_gmt":"2021-11-29T07:45:52","guid":{"rendered":"https:\/\/www.trouville.fr\/RIGT\/?page_id=6"},"modified":"2025-09-18T11:00:54","modified_gmt":"2025-09-18T09:00:54","slug":"accueil","status":"publish","type":"page","link":"https:\/\/www.trouville.fr\/rencontresgeopolitiques\/","title":{"rendered":"Accueil"},"content":{"rendered":"\n<div class=\"wp-block-cover alignfull\" style=\"min-height:600px;aspect-ratio:unset;\"><span aria-hidden=\"true\" class=\"wp-block-cover__background has-nv-light-bg-background-color has-background-dim-100 has-background-dim\"><\/span><div class=\"wp-block-cover__inner-container is-layout-flow wp-block-cover-is-layout-flow\">\n<div style=\"height:80px\" aria-hidden=\"true\" class=\"wp-block-spacer\"><\/div>\n\n\n\n<h2 class=\"wp-block-heading has-text-align-center has-neve-link-color-color has-text-color\" style=\"font-size:37px\">10<sup>\u00e8mes<\/sup>&nbsp;RENCONTRES G\u00c9OPOLITIQUES<br>DE TROUVILLE-SUR-MER<\/h2>\n\n\n\n<div style=\"height:100px\" aria-hidden=\"true\" class=\"wp-block-spacer\"><\/div>\n\n\n\n<div class=\"wp-block-columns alignwide are-vertically-aligned-center is-layout-flex wp-container-core-columns-is-layout-9d6595d7 wp-block-columns-is-layout-flex\">\n<div class=\"wp-block-column is-vertically-aligned-center is-layout-flow wp-block-column-is-layout-flow\" style=\"flex-basis:58%\"><div class=\"wp-block-image\">\n<figure class=\"aligncenter size-large\"><img loading=\"lazy\" decoding=\"async\" width=\"725\" height=\"1024\" src=\"https:\/\/www.trouville.fr\/rencontresgeopolitiques\/wp-content\/uploads\/2025\/08\/Affiche-RGTDEF2025-725x1024.jpg\" alt=\"\" class=\"wp-image-1337\" srcset=\"https:\/\/www.trouville.fr\/rencontresgeopolitiques\/wp-content\/uploads\/2025\/08\/Affiche-RGTDEF2025-725x1024.jpg 725w, https:\/\/www.trouville.fr\/rencontresgeopolitiques\/wp-content\/uploads\/2025\/08\/Affiche-RGTDEF2025-212x300.jpg 212w, https:\/\/www.trouville.fr\/rencontresgeopolitiques\/wp-content\/uploads\/2025\/08\/Affiche-RGTDEF2025-768x1085.jpg 768w, https:\/\/www.trouville.fr\/rencontresgeopolitiques\/wp-content\/uploads\/2025\/08\/Affiche-RGTDEF2025-1087x1536.jpg 1087w, https:\/\/www.trouville.fr\/rencontresgeopolitiques\/wp-content\/uploads\/2025\/08\/Affiche-RGTDEF2025.jpg 1123w\" sizes=\"auto, (max-width: 725px) 100vw, 725px\" \/><\/figure>\n<\/div><\/div>\n\n\n\n<div class=\"wp-block-column is-vertically-aligned-center is-layout-flow wp-block-column-is-layout-flow\" style=\"flex-basis:42%\">\n<iframe loading=\"lazy\" width=\"438\" height=\"780\" src=\"https:\/\/www.youtube.com\/embed\/cJ4rbj8L0h4\" title=\"10\u00e8mes Rencontres G\u00e9opolitiques de Trouville-sur-Mer | 10 ans\" frameborder=\"0\" allow=\"accelerometer; autoplay; clipboard-write; encrypted-media; gyroscope; picture-in-picture; web-share\" referrerpolicy=\"strict-origin-when-cross-origin\" allowfullscreen><\/iframe>\n<\/div>\n<\/div>\n\n\n\n<div style=\"height:70px\" aria-hidden=\"true\" class=\"wp-block-spacer\"><\/div>\n\n\n\n<div class=\"wp-block-columns is-layout-flex wp-container-core-columns-is-layout-9d6595d7 wp-block-columns-is-layout-flex\">\n<div class=\"wp-block-column is-vertically-aligned-center is-layout-flow wp-block-column-is-layout-flow\" style=\"flex-basis:50%\"><div class=\"wp-block-image\">\n<figure class=\"aligncenter size-large is-resized\"><img loading=\"lazy\" decoding=\"async\" width=\"1024\" height=\"1024\" src=\"https:\/\/www.trouville.fr\/rencontresgeopolitiques\/wp-content\/uploads\/2022\/02\/LOGO-GEOPOLITIQUE-1024x1024.png\" alt=\"\" class=\"wp-image-446\" style=\"width:434px;height:undefinedpx\" srcset=\"https:\/\/www.trouville.fr\/rencontresgeopolitiques\/wp-content\/uploads\/2022\/02\/LOGO-GEOPOLITIQUE-1024x1024.png 1024w, https:\/\/www.trouville.fr\/rencontresgeopolitiques\/wp-content\/uploads\/2022\/02\/LOGO-GEOPOLITIQUE-300x300.png 300w, https:\/\/www.trouville.fr\/rencontresgeopolitiques\/wp-content\/uploads\/2022\/02\/LOGO-GEOPOLITIQUE-150x150.png 150w, https:\/\/www.trouville.fr\/rencontresgeopolitiques\/wp-content\/uploads\/2022\/02\/LOGO-GEOPOLITIQUE-768x768.png 768w, https:\/\/www.trouville.fr\/rencontresgeopolitiques\/wp-content\/uploads\/2022\/02\/LOGO-GEOPOLITIQUE-1536x1536.png 1536w, https:\/\/www.trouville.fr\/rencontresgeopolitiques\/wp-content\/uploads\/2022\/02\/LOGO-GEOPOLITIQUE.png 2000w\" sizes=\"auto, (max-width: 1024px) 100vw, 1024px\" \/><\/figure>\n<\/div><\/div>\n\n\n\n<div class=\"wp-block-column is-vertically-aligned-center is-layout-flow wp-block-column-is-layout-flow\" style=\"flex-basis:50%\">\n<p class=\"has-text-align-left has-neve-text-color-color has-text-color\" style=\"font-size:17px\"><meta charset=\"utf-8\"><\/p>\n\n\n\n<p>ORCHESTR\u00c9ES PAR FR\u00c9D\u00c9RIC ENCEL, LES RENCONTRES G\u00c9OPOLITIQUES DE TROUVILLE-SUR-MER SE DESSINENT COMME UN ESPACE DE D\u00c9BATS ET D\u2019\u00c9CHANGES CITOYENS.<\/p>\n\n\n\n<p>LEUR AMBITION PREMI\u00c8RE : PERMETTRE \u00c0 CHACUN(E) UNE MEILLEURE COMPR\u00c9HENSION DE NOTRE MONDE ACTUEL ET DES ENJEUX INTERNATIONAUX QUI LE FA\u00c7ONNENT.<\/p>\n\n\n\n<div class=\"wp-block-buttons is-horizontal is-content-justification-left is-layout-flex wp-container-core-buttons-is-layout-7e5fce0a wp-block-buttons-is-layout-flex\">\n<div class=\"wp-block-button is-style-primary\"><a class=\"wp-block-button__link wp-element-button\" href=\"https:\/\/www.trouville.fr\/rencontresgeopolitiques\/wp-content\/uploads\/2025\/09\/PROG-RGT-2025V17.pdf\" target=\"_blank\" rel=\"noreferrer noopener\">Programme en pdf<\/a><\/div>\n<\/div>\n<\/div>\n<\/div>\n\n\n\n<div style=\"height:100px\" aria-hidden=\"true\" class=\"wp-block-spacer\"><\/div>\n\n\n\n<div class=\"wp-block-columns alignwide is-layout-flex wp-container-core-columns-is-layout-9d6595d7 wp-block-columns-is-layout-flex\">\n<div class=\"wp-block-column is-vertically-aligned-top is-layout-flow wp-block-column-is-layout-flow\" style=\"flex-basis:50%\">\n<h3 class=\"wp-block-heading\">Vendredi 19 <sup>PM<\/sup><\/h3>\n\n\n\n<figure class=\"wp-block-embed is-type-video is-provider-youtube wp-block-embed-youtube wp-embed-aspect-4-3 wp-has-aspect-ratio\"><div class=\"wp-block-embed__wrapper\">\n<div class=\"nv-iframe-embed\"><iframe loading=\"lazy\" title=\"10\u00e8mes Rencontres g\u00e9opolitiques de Trouville-sur-Mer - Partie 1\" width=\"1200\" height=\"900\" src=\"https:\/\/www.youtube.com\/embed\/TU61Gw4tyJU?feature=oembed\" frameborder=\"0\" allow=\"accelerometer; autoplay; clipboard-write; encrypted-media; gyroscope; picture-in-picture; web-share\" referrerpolicy=\"strict-origin-when-cross-origin\" allowfullscreen><\/iframe><\/div>\n<\/div><\/figure>\n<\/div>\n\n\n\n<div class=\"wp-block-column is-vertically-aligned-top is-layout-flow wp-block-column-is-layout-flow\" style=\"flex-basis:50%\">\n<h3 class=\"wp-block-heading\">Samedi 20 <sup>AM<\/sup><\/h3>\n\n\n\n<figure class=\"wp-block-embed is-type-video is-provider-youtube wp-block-embed-youtube wp-embed-aspect-4-3 wp-has-aspect-ratio\"><div class=\"wp-block-embed__wrapper\">\n<div class=\"nv-iframe-embed\"><iframe loading=\"lazy\" title=\"10\u00e8mes Rencontres g\u00e9opolitiques de Trouville-sur-Mer - Partie 2\" width=\"1200\" height=\"900\" src=\"https:\/\/www.youtube.com\/embed\/45EbotGOeXg?feature=oembed\" frameborder=\"0\" allow=\"accelerometer; autoplay; clipboard-write; encrypted-media; gyroscope; picture-in-picture; web-share\" referrerpolicy=\"strict-origin-when-cross-origin\" allowfullscreen><\/iframe><\/div>\n<\/div><\/figure>\n<\/div>\n<\/div>\n\n\n\n<div class=\"wp-block-columns alignwide is-layout-flex wp-container-core-columns-is-layout-9d6595d7 wp-block-columns-is-layout-flex\">\n<div class=\"wp-block-column is-vertically-aligned-top is-layout-flow wp-block-column-is-layout-flow\" style=\"flex-basis:50%\">\n<h3 class=\"wp-block-heading\">Samedi 20 <sup>PM<\/sup><\/h3>\n\n\n\n<figure class=\"wp-block-embed is-type-video is-provider-youtube wp-block-embed-youtube wp-embed-aspect-4-3 wp-has-aspect-ratio\"><div class=\"wp-block-embed__wrapper\">\n<div class=\"nv-iframe-embed\"><iframe loading=\"lazy\" title=\"10\u00e8mes Rencontres g\u00e9opolitiques de Trouville-sur-Mer - Partie 3\" width=\"1200\" height=\"900\" src=\"https:\/\/www.youtube.com\/embed\/OyQ9ZQC2p9Y?feature=oembed\" frameborder=\"0\" allow=\"accelerometer; autoplay; clipboard-write; encrypted-media; gyroscope; picture-in-picture; web-share\" referrerpolicy=\"strict-origin-when-cross-origin\" allowfullscreen><\/iframe><\/div>\n<\/div><\/figure>\n<\/div>\n\n\n\n<div class=\"wp-block-column is-vertically-aligned-top is-layout-flow wp-block-column-is-layout-flow\" style=\"flex-basis:50%\">\n<h3 class=\"wp-block-heading\">Dimanche 21 <sup>AM<\/sup><\/h3>\n\n\n\n<figure class=\"wp-block-embed is-type-video is-provider-youtube wp-block-embed-youtube wp-embed-aspect-4-3 wp-has-aspect-ratio\"><div class=\"wp-block-embed__wrapper\">\n<div class=\"nv-iframe-embed\"><iframe loading=\"lazy\" title=\"10\u00e8mes Rencontres g\u00e9opolitiques de Trouville-sur-Mer - Partie 4\" width=\"1200\" height=\"900\" src=\"https:\/\/www.youtube.com\/embed\/8coyVqg-RiM?feature=oembed\" frameborder=\"0\" allow=\"accelerometer; autoplay; clipboard-write; encrypted-media; gyroscope; picture-in-picture; web-share\" referrerpolicy=\"strict-origin-when-cross-origin\" allowfullscreen><\/iframe><\/div>\n<\/div><\/figure>\n<\/div>\n<\/div>\n\n\n\n<div class=\"wp-block-columns alignwide is-layout-flex wp-container-core-columns-is-layout-9d6595d7 wp-block-columns-is-layout-flex\">\n<div class=\"wp-block-column is-vertically-aligned-top is-layout-flow wp-block-column-is-layout-flow\" style=\"flex-basis:50%\">\n<h3 class=\"wp-block-heading\">Dimanche 21 <sup>PM<\/sup><\/h3>\n\n\n\n<figure class=\"wp-block-embed is-type-video is-provider-youtube wp-block-embed-youtube wp-embed-aspect-4-3 wp-has-aspect-ratio\"><div class=\"wp-block-embed__wrapper\">\n<div class=\"nv-iframe-embed\"><iframe loading=\"lazy\" title=\"10\u00e8mes Rencontres g\u00e9opolitiques de Trouville-sur-Mer - Partie 5\" width=\"1200\" height=\"900\" src=\"https:\/\/www.youtube.com\/embed\/u5sDTHdZYks?feature=oembed\" frameborder=\"0\" allow=\"accelerometer; autoplay; clipboard-write; encrypted-media; gyroscope; picture-in-picture; web-share\" referrerpolicy=\"strict-origin-when-cross-origin\" allowfullscreen><\/iframe><\/div>\n<\/div><\/figure>\n<\/div>\n\n\n\n<div class=\"wp-block-column is-vertically-aligned-top is-layout-flow wp-block-column-is-layout-flow\" style=\"flex-basis:50%\">\n<h3 class=\"wp-block-heading\"><\/h3>\n<\/div>\n<\/div>\n<\/div><\/div>\n\n\n\n<div style=\"height:60px\" aria-hidden=\"true\" class=\"wp-block-spacer\"><\/div>\n","protected":false},"excerpt":{"rendered":"","protected":false},"author":1,"featured_media":55,"parent":0,"menu_order":0,"comment_status":"closed","ping_status":"closed","template":"","meta":{"om_disable_all_campaigns":false,"_uag_custom_page_level_css":"","_monsterinsights_skip_tracking":false,"_monsterinsights_sitenote_active":false,"_monsterinsights_sitenote_note":"","_monsterinsights_sitenote_category":0,"neve_meta_sidebar":"","neve_meta_container":"","neve_meta_enable_content_width":"on","neve_meta_content_width":100,"neve_meta_title_alignment":"","neve_meta_author_avatar":"","neve_post_elements_order":"","neve_meta_disable_header":"","neve_meta_disable_footer":"","neve_meta_disable_title":"on","pgc_sgb_lightbox_settings":"","footnotes":""},"categories":[],"tags":[],"class_list":["post-6","page","type-page","status-publish","has-post-thumbnail","hentry"],"aioseo_notices":[],"featured_image_src":"https:\/\/www.trouville.fr\/rencontresgeopolitiques\/wp-content\/uploads\/2022\/01\/RG-TWITTER-COVER-1500X500_COVER-TWITTER-1500X500.png","featured_image_src_square":"https:\/\/www.trouville.fr\/rencontresgeopolitiques\/wp-content\/uploads\/2022\/01\/RG-TWITTER-COVER-1500X500_COVER-TWITTER-1500X500.png","uagb_featured_image_src":{"full":["https:\/\/www.trouville.fr\/rencontresgeopolitiques\/wp-content\/uploads\/2022\/01\/RG-TWITTER-COVER-1500X500_COVER-TWITTER-1500X500.png",1500,500,false],"thumbnail":["https:\/\/www.trouville.fr\/rencontresgeopolitiques\/wp-content\/uploads\/2022\/01\/RG-TWITTER-COVER-1500X500_COVER-TWITTER-1500X500-150x150.png",150,150,true],"medium":["https:\/\/www.trouville.fr\/rencontresgeopolitiques\/wp-content\/uploads\/2022\/01\/RG-TWITTER-COVER-1500X500_COVER-TWITTER-1500X500-300x100.png",300,100,true],"medium_large":["https:\/\/www.trouville.fr\/rencontresgeopolitiques\/wp-content\/uploads\/2022\/01\/RG-TWITTER-COVER-1500X500_COVER-TWITTER-1500X500-768x256.png",768,256,true],"large":["https:\/\/www.trouville.fr\/rencontresgeopolitiques\/wp-content\/uploads\/2022\/01\/RG-TWITTER-COVER-1500X500_COVER-TWITTER-1500X500-1024x341.png",1024,341,true],"1536x1536":["https:\/\/www.trouville.fr\/rencontresgeopolitiques\/wp-content\/uploads\/2022\/01\/RG-TWITTER-COVER-1500X500_COVER-TWITTER-1500X500.png",1500,500,false],"2048x2048":["https:\/\/www.trouville.fr\/rencontresgeopolitiques\/wp-content\/uploads\/2022\/01\/RG-TWITTER-COVER-1500X500_COVER-TWITTER-1500X500.png",1500,500,false],"ab-block-post-grid-landscape":["https:\/\/www.trouville.fr\/rencontresgeopolitiques\/wp-content\/uploads\/2022\/01\/RG-TWITTER-COVER-1500X500_COVER-TWITTER-1500X500.png",600,200,false],"ab-block-post-grid-square":["https:\/\/www.trouville.fr\/rencontresgeopolitiques\/wp-content\/uploads\/2022\/01\/RG-TWITTER-COVER-1500X500_COVER-TWITTER-1500X500.png",600,200,false],"neve-blog":["https:\/\/www.trouville.fr\/rencontresgeopolitiques\/wp-content\/uploads\/2022\/01\/RG-TWITTER-COVER-1500X500_COVER-TWITTER-1500X500-930x500.png",930,500,true]},"uagb_author_info":{"display_name":"admin","author_link":"https:\/\/www.trouville.fr\/rencontresgeopolitiques\/author\/admin\/"},"uagb_comment_info":0,"uagb_excerpt":null,"_links":{"self":[{"href":"https:\/\/www.trouville.fr\/rencontresgeopolitiques\/wp-json\/wp\/v2\/pages\/6","targetHints":{"allow":["GET"]}}],"collection":[{"href":"https:\/\/www.trouville.fr\/rencontresgeopolitiques\/wp-json\/wp\/v2\/pages"}],"about":[{"href":"https:\/\/www.trouville.fr\/rencontresgeopolitiques\/wp-json\/wp\/v2\/types\/page"}],"author":[{"embeddable":true,"href":"https:\/\/www.trouville.fr\/rencontresgeopolitiques\/wp-json\/wp\/v2\/users\/1"}],"replies":[{"embeddable":true,"href":"https:\/\/www.trouville.fr\/rencontresgeopolitiques\/wp-json\/wp\/v2\/comments?post=6"}],"version-history":[{"count":172,"href":"https:\/\/www.trouville.fr\/rencontresgeopolitiques\/wp-json\/wp\/v2\/pages\/6\/revisions"}],"predecessor-version":[{"id":1438,"href":"https:\/\/www.trouville.fr\/rencontresgeopolitiques\/wp-json\/wp\/v2\/pages\/6\/revisions\/1438"}],"wp:featuredmedia":[{"embeddable":true,"href":"https:\/\/www.trouville.fr\/rencontresgeopolitiques\/wp-json\/wp\/v2\/media\/55"}],"wp:attachment":[{"href":"https:\/\/www.trouville.fr\/rencontresgeopolitiques\/wp-json\/wp\/v2\/media?parent=6"}],"wp:term":[{"taxonomy":"category","embeddable":true,"href":"https:\/\/www.trouville.fr\/rencontresgeopolitiques\/wp-json\/wp\/v2\/categories?post=6"},{"taxonomy":"post_tag","embeddable":true,"href":"https:\/\/www.trouville.fr\/rencontresgeopolitiques\/wp-json\/wp\/v2\/tags?post=6"}],"curies":[{"name":"wp","href":"https:\/\/api.w.org\/{rel}","templated":true}]}}