{"id":1307,"date":"2025-08-13T09:35:51","date_gmt":"2025-08-13T07:35:51","guid":{"rendered":"https:\/\/www.trouville.fr\/rencontresgeopolitiques\/?page_id=1307"},"modified":"2025-08-13T15:55:03","modified_gmt":"2025-08-13T13:55:03","slug":"2024-2","status":"publish","type":"page","link":"https:\/\/www.trouville.fr\/rencontresgeopolitiques\/2024-2\/","title":{"rendered":"2024"},"content":{"rendered":"\n<div class=\"wp-block-cover alignfull\" style=\"min-height:600px;aspect-ratio:unset;\"><span aria-hidden=\"true\" class=\"wp-block-cover__background has-nv-light-bg-background-color has-background-dim-100 has-background-dim\"><\/span><div class=\"wp-block-cover__inner-container is-layout-flow wp-block-cover-is-layout-flow\">\n<div class=\"wp-block-group\"><div class=\"wp-block-group__inner-container is-layout-flow wp-block-group-is-layout-flow\">\n<div style=\"height:80px\" aria-hidden=\"true\" class=\"wp-block-spacer\"><\/div>\n\n\n\n<h1 class=\"wp-block-heading has-text-align-center has-neve-link-color-color has-text-color\">LES FEMMES ET LE POUVOIR<\/h1>\n\n\n\n<p class=\"has-text-align-center has-medium-font-size\">\u2022 9<sup>\u00e8mes<\/sup>\u00a0Rencontres G\u00e9opolitiques de Trouville-sur-Mer<\/p>\n\n\n\n<p class=\"has-text-align-center has-medium-font-size\"><\/p>\n\n\n\n<p class=\"has-text-align-center\" style=\"font-size:30px\">Scolaires | <strong>Jeudi 19 et Vendredi 20 septembre<\/strong> <strong>2024<\/strong><br>Tous publics | <strong>Vendredi 20, Samedi 21 et dimanche 22 septembre 2024<\/strong><\/p>\n\n\n\n<div style=\"height:100px\" aria-hidden=\"true\" class=\"wp-block-spacer\"><\/div>\n\n\n\n<div class=\"wp-block-columns are-vertically-aligned-center is-layout-flex wp-container-core-columns-is-layout-9d6595d7 wp-block-columns-is-layout-flex\">\n<div class=\"wp-block-column is-vertically-aligned-center is-layout-flow wp-block-column-is-layout-flow\" style=\"flex-basis:50%\">\n<figure class=\"wp-block-image size-large\"><img loading=\"lazy\" decoding=\"async\" width=\"724\" height=\"1024\" src=\"https:\/\/www.trouville.fr\/rencontresgeopolitiques\/wp-content\/uploads\/2024\/08\/Affiche-RGT-2024-2-724x1024.jpg\" alt=\"\" class=\"wp-image-1264\" srcset=\"https:\/\/www.trouville.fr\/rencontresgeopolitiques\/wp-content\/uploads\/2024\/08\/Affiche-RGT-2024-2-724x1024.jpg 724w, https:\/\/www.trouville.fr\/rencontresgeopolitiques\/wp-content\/uploads\/2024\/08\/Affiche-RGT-2024-2-212x300.jpg 212w, https:\/\/www.trouville.fr\/rencontresgeopolitiques\/wp-content\/uploads\/2024\/08\/Affiche-RGT-2024-2-768x1086.jpg 768w, https:\/\/www.trouville.fr\/rencontresgeopolitiques\/wp-content\/uploads\/2024\/08\/Affiche-RGT-2024-2-1086x1536.jpg 1086w, https:\/\/www.trouville.fr\/rencontresgeopolitiques\/wp-content\/uploads\/2024\/08\/Affiche-RGT-2024-2-1448x2048.jpg 1448w, https:\/\/www.trouville.fr\/rencontresgeopolitiques\/wp-content\/uploads\/2024\/08\/Affiche-RGT-2024-2.jpg 1754w\" sizes=\"auto, (max-width: 724px) 100vw, 724px\" \/><\/figure>\n<\/div>\n\n\n\n<div class=\"wp-block-column is-vertically-aligned-center is-layout-flow wp-block-column-is-layout-flow\" style=\"flex-basis:50%\">\n<div style=\"height:20px\" aria-hidden=\"true\" class=\"wp-block-spacer\"><\/div>\n\n\n\n<h2 class=\"wp-block-heading has-text-align-left has-neve-link-color-color has-text-color\" id=\"tables-rondesprojectionconcert\">TH\u00c9MATIQUE 2024 : <br>Les femmes et le pouvoir&nbsp;<\/h2>\n\n\n\n<p class=\"has-text-align-left has-neve-text-color-color has-text-color\" style=\"font-size:17px\"><meta charset=\"utf-8\"><\/p>\n\n\n\n<p>\u00ab Parce que la g\u00e9opolitique ne se borne pas \u00e0 l\u2019\u00e9tude des conflits militaires et strat\u00e9giques, et dans un monde o\u00f9 le r\u00f4le des soci\u00e9t\u00e9s civiles s\u2019accro\u00eet, j\u2019ai pens\u00e9 n\u00e9cessaire de consacrer la 9<sup>\u00e8<\/sup>&nbsp;\u00e9dition des Rencontres internationales g\u00e9opolitiques de Trouville sur Mer aux femmes face aux pouvoirs. A celles qui en d\u00e9tiennent une part et \u00e0 celles qui en subissent d\u2019ignobles, aux femmes d\u2019antan comme \u00e0 celles des temps contemporains, aux repr\u00e9sentations de leurs corps et de leurs places dans la soci\u00e9t\u00e9. Comme lors de toutes les \u00e9ditions pr\u00e9c\u00e9dentes de ce grand colloque g\u00e9opolitique objectivement devenu le premier de France, nombres d\u2019expert(e)s, d\u2019universitaires et de sp\u00e9cialistes traiteront \u2013 dans un esprit r\u00e9publicain et universaliste \u2013 de ce sujet fondamental avec force panels, conf\u00e9rences, t\u00e9moignages, diffusions et expositions \u00bb&nbsp;<\/p>\n\n\n\n<p class=\"has-text-align-right\">Fr\u00e9d\u00e9ric Encel<\/p>\n<\/div>\n<\/div>\n\n\n\n<div style=\"height:70px\" aria-hidden=\"true\" class=\"wp-block-spacer\"><\/div>\n\n\n\n<div class=\"wp-block-columns is-layout-flex wp-container-core-columns-is-layout-9d6595d7 wp-block-columns-is-layout-flex\">\n<div class=\"wp-block-column is-vertically-aligned-center is-layout-flow wp-block-column-is-layout-flow\" style=\"flex-basis:50%\"><div class=\"wp-block-image\">\n<figure class=\"aligncenter size-large is-resized\"><img loading=\"lazy\" decoding=\"async\" width=\"1024\" height=\"1024\" src=\"https:\/\/www.trouville.fr\/rencontresgeopolitiques\/wp-content\/uploads\/2022\/02\/LOGO-GEOPOLITIQUE-1024x1024.png\" alt=\"\" class=\"wp-image-446\" style=\"width:434px;height:undefinedpx\" srcset=\"https:\/\/www.trouville.fr\/rencontresgeopolitiques\/wp-content\/uploads\/2022\/02\/LOGO-GEOPOLITIQUE-1024x1024.png 1024w, https:\/\/www.trouville.fr\/rencontresgeopolitiques\/wp-content\/uploads\/2022\/02\/LOGO-GEOPOLITIQUE-300x300.png 300w, https:\/\/www.trouville.fr\/rencontresgeopolitiques\/wp-content\/uploads\/2022\/02\/LOGO-GEOPOLITIQUE-150x150.png 150w, https:\/\/www.trouville.fr\/rencontresgeopolitiques\/wp-content\/uploads\/2022\/02\/LOGO-GEOPOLITIQUE-768x768.png 768w, https:\/\/www.trouville.fr\/rencontresgeopolitiques\/wp-content\/uploads\/2022\/02\/LOGO-GEOPOLITIQUE-1536x1536.png 1536w, https:\/\/www.trouville.fr\/rencontresgeopolitiques\/wp-content\/uploads\/2022\/02\/LOGO-GEOPOLITIQUE.png 2000w\" sizes=\"auto, (max-width: 1024px) 100vw, 1024px\" \/><\/figure>\n<\/div><\/div>\n\n\n\n<div class=\"wp-block-column is-vertically-aligned-center is-layout-flow wp-block-column-is-layout-flow\" style=\"flex-basis:50%\">\n<p class=\"has-text-align-left has-neve-text-color-color has-text-color\" style=\"font-size:17px\"><meta charset=\"utf-8\"><\/p>\n\n\n\n<p>Orchestr\u00e9es par Fr\u00e9d\u00e9ric Encel, les Rencontres g\u00e9opolitiques de Trouville-sur-Mer se dessinent comme un espace de d\u00e9bats et d\u2019\u00e9changes citoyens. Leur ambition premi\u00e8re : permettre \u00e0 chacun une meilleure compr\u00e9hension de notre monde actuel et des enjeux internationaux qui le fa\u00e7onnent.&nbsp;<\/p>\n\n\n\n<p>Elles se d\u00e9roulent cette ann\u00e9e sur trois jours \u2013 au salon des gouverneurs du Casino Barri\u00e8re de Trouville-sur-Mer &#8211; avec une journ\u00e9e enti\u00e8rement d\u00e9di\u00e9e aux scolaires, suivie de deux jours cons\u00e9cutifs de d\u00e9bats et d\u2019\u00e9changes, tous publics.&nbsp;<\/p>\n\n\n\n<div class=\"wp-block-buttons is-horizontal is-content-justification-left is-layout-flex wp-container-core-buttons-is-layout-7e5fce0a wp-block-buttons-is-layout-flex\">\n<div class=\"wp-block-button is-style-primary\"><a class=\"wp-block-button__link wp-element-button\" href=\"https:\/\/www.trouville.fr\/rencontresgeopolitiques\/wp-content\/uploads\/2024\/09\/Programme-RGT-2024.pdf\" target=\"_blank\" rel=\"noreferrer noopener\">Programme&#8230;<\/a><\/div>\n<\/div>\n<\/div>\n<\/div>\n\n\n\n<div style=\"height:100px\" aria-hidden=\"true\" class=\"wp-block-spacer\"><\/div>\n<\/div><\/div>\n<\/div><\/div>\n\n\n\n<div style=\"height:100px\" aria-hidden=\"true\" class=\"wp-block-spacer\"><\/div>\n\n\n\n<h3 class=\"wp-block-heading has-text-align-center has-neve-link-hover-color-color has-neve-link-color-background-color has-text-color has-background\">REDIFFUSION DES 9<sup>es<\/sup> RENCONTRES G\u00c9OPOLITIQUES DE TROUVILLE-SUR-MER<\/h3>\n\n\n\n<div class=\"wp-block-uagb-container uagb-block-f77ee9f9 default uagb-is-root-container\">\n<div class=\"wp-block-uagb-container uagb-block-135ff275\">\n<figure class=\"wp-block-embed is-type-video is-provider-youtube wp-block-embed-youtube wp-embed-aspect-16-9 wp-has-aspect-ratio\"><div class=\"wp-block-embed__wrapper\">\n<div class=\"nv-iframe-embed\"><iframe loading=\"lazy\" title=\"9\u00e8mes Rencontres G\u00e9opolitiques de Trouville-sur-Mer - Partie 1\/4\" width=\"1200\" height=\"675\" src=\"https:\/\/www.youtube.com\/embed\/2sktHHLQDog?feature=oembed\" frameborder=\"0\" allow=\"accelerometer; autoplay; clipboard-write; encrypted-media; gyroscope; picture-in-picture; web-share\" referrerpolicy=\"strict-origin-when-cross-origin\" allowfullscreen><\/iframe><\/div>\n<\/div><figcaption class=\"wp-element-caption\">Samedi 22 &#8211; matin<\/figcaption><\/figure>\n\n\n\n<figure class=\"wp-block-embed is-type-video is-provider-youtube wp-block-embed-youtube wp-embed-aspect-16-9 wp-has-aspect-ratio\"><div class=\"wp-block-embed__wrapper\">\n<div class=\"nv-iframe-embed\"><iframe loading=\"lazy\" title=\"9\u00e8mes Rencontres G\u00e9opolitiques de Trouville-sur-Mer - Partie 3\/4\" width=\"1200\" height=\"675\" src=\"https:\/\/www.youtube.com\/embed\/L_d6E9oZgU8?feature=oembed\" frameborder=\"0\" allow=\"accelerometer; autoplay; clipboard-write; encrypted-media; gyroscope; picture-in-picture; web-share\" referrerpolicy=\"strict-origin-when-cross-origin\" allowfullscreen><\/iframe><\/div>\n<\/div><figcaption class=\"wp-element-caption\">Dimanche 23 &#8211; Matin<\/figcaption><\/figure>\n<\/div>\n\n\n\n<div class=\"wp-block-uagb-container uagb-block-5eade7bc\">\n<figure class=\"wp-block-embed is-type-video is-provider-youtube wp-block-embed-youtube wp-embed-aspect-16-9 wp-has-aspect-ratio\"><div class=\"wp-block-embed__wrapper\">\n<div class=\"nv-iframe-embed\"><iframe loading=\"lazy\" title=\"9\u00e8mes Rencontres G\u00e9opolitiques de Trouville-sur-Mer - Partie 2\/4\" width=\"1200\" height=\"675\" src=\"https:\/\/www.youtube.com\/embed\/FwJKuZ0_pho?feature=oembed\" frameborder=\"0\" allow=\"accelerometer; autoplay; clipboard-write; encrypted-media; gyroscope; picture-in-picture; web-share\" referrerpolicy=\"strict-origin-when-cross-origin\" allowfullscreen><\/iframe><\/div>\n<\/div><figcaption class=\"wp-element-caption\">Samedi 22 &#8211; Apr\u00e8s-midi<\/figcaption><\/figure>\n\n\n\n<figure class=\"wp-block-embed is-type-video is-provider-youtube wp-block-embed-youtube wp-embed-aspect-16-9 wp-has-aspect-ratio\"><div class=\"wp-block-embed__wrapper\">\n<div class=\"nv-iframe-embed\"><iframe loading=\"lazy\" title=\"9\u00e8mes Rencontres G\u00e9opolitiques de Trouville-sur-Mer - Partie 4\/4\" width=\"1200\" height=\"675\" src=\"https:\/\/www.youtube.com\/embed\/vCJzQmG1v80?feature=oembed\" frameborder=\"0\" allow=\"accelerometer; autoplay; clipboard-write; encrypted-media; gyroscope; picture-in-picture; web-share\" referrerpolicy=\"strict-origin-when-cross-origin\" allowfullscreen><\/iframe><\/div>\n<\/div><figcaption class=\"wp-element-caption\">Dimanche 23 -Apr\u00e8s-midi<\/figcaption><\/figure>\n<\/div>\n<\/div>\n","protected":false},"excerpt":{"rendered":"<p>REDIFFUSION DES 9es RENCONTRES G\u00c9OPOLITIQUES DE TROUVILLE-SUR-MER<\/p>\n","protected":false},"author":1,"featured_media":0,"parent":0,"menu_order":0,"comment_status":"closed","ping_status":"closed","template":"","meta":{"om_disable_all_campaigns":false,"_uag_custom_page_level_css":"","_monsterinsights_skip_tracking":false,"_monsterinsights_sitenote_active":false,"_monsterinsights_sitenote_note":"","_monsterinsights_sitenote_category":0,"neve_meta_sidebar":"","neve_meta_container":"","neve_meta_enable_content_width":"","neve_meta_content_width":0,"neve_meta_title_alignment":"","neve_meta_author_avatar":"","neve_post_elements_order":"","neve_meta_disable_header":"","neve_meta_disable_footer":"","neve_meta_disable_title":"","pgc_sgb_lightbox_settings":"","footnotes":""},"categories":[3],"tags":[],"class_list":["post-1307","page","type-page","status-publish","hentry","category-archives"],"aioseo_notices":[],"featured_image_src":null,"featured_image_src_square":null,"uagb_featured_image_src":{"full":false,"thumbnail":false,"medium":false,"medium_large":false,"large":false,"1536x1536":false,"2048x2048":false,"ab-block-post-grid-landscape":false,"ab-block-post-grid-square":false,"neve-blog":false},"uagb_author_info":{"display_name":"admin","author_link":"https:\/\/www.trouville.fr\/rencontresgeopolitiques\/author\/admin\/"},"uagb_comment_info":0,"uagb_excerpt":"REDIFFUSION DES 9es RENCONTRES G\u00c9OPOLITIQUES DE TROUVILLE-SUR-MER","_links":{"self":[{"href":"https:\/\/www.trouville.fr\/rencontresgeopolitiques\/wp-json\/wp\/v2\/pages\/1307","targetHints":{"allow":["GET"]}}],"collection":[{"href":"https:\/\/www.trouville.fr\/rencontresgeopolitiques\/wp-json\/wp\/v2\/pages"}],"about":[{"href":"https:\/\/www.trouville.fr\/rencontresgeopolitiques\/wp-json\/wp\/v2\/types\/page"}],"author":[{"embeddable":true,"href":"https:\/\/www.trouville.fr\/rencontresgeopolitiques\/wp-json\/wp\/v2\/users\/1"}],"replies":[{"embeddable":true,"href":"https:\/\/www.trouville.fr\/rencontresgeopolitiques\/wp-json\/wp\/v2\/comments?post=1307"}],"version-history":[{"count":5,"href":"https:\/\/www.trouville.fr\/rencontresgeopolitiques\/wp-json\/wp\/v2\/pages\/1307\/revisions"}],"predecessor-version":[{"id":1328,"href":"https:\/\/www.trouville.fr\/rencontresgeopolitiques\/wp-json\/wp\/v2\/pages\/1307\/revisions\/1328"}],"wp:attachment":[{"href":"https:\/\/www.trouville.fr\/rencontresgeopolitiques\/wp-json\/wp\/v2\/media?parent=1307"}],"wp:term":[{"taxonomy":"category","embeddable":true,"href":"https:\/\/www.trouville.fr\/rencontresgeopolitiques\/wp-json\/wp\/v2\/categories?post=1307"},{"taxonomy":"post_tag","embeddable":true,"href":"https:\/\/www.trouville.fr\/rencontresgeopolitiques\/wp-json\/wp\/v2\/tags?post=1307"}],"curies":[{"name":"wp","href":"https:\/\/api.w.org\/{rel}","templated":true}]}}