{"id":55,"date":"2024-01-19T10:06:28","date_gmt":"2024-01-19T09:06:28","guid":{"rendered":"https:\/\/www.trouville.fr\/bus\/?page_id=55"},"modified":"2024-04-08T13:37:21","modified_gmt":"2024-04-08T11:37:21","slug":"bienvenue","status":"publish","type":"page","link":"https:\/\/www.trouville.fr\/bus\/","title":{"rendered":"Demande d&rsquo;autorisation de circulation"},"content":{"rendered":"\n<h2 class=\"wp-block-heading has-text-align-center\"><mark style=\"background-color:rgba(0, 0, 0, 0)\" class=\"has-inline-color has-vivid-red-color\">ATTENTION <br>1 demande pour un bus, 2 demandes pour 2 bus &#8230;<\/mark><\/h2>\n\n\n\n<div style=\"height:41px\" aria-hidden=\"true\" class=\"wp-block-spacer\"><\/div>\n\n\n\n<p class=\"has-medium-font-size\">En vertu de l\u2019<a href=\"https:\/\/www.trouville.fr\/bus\/wp-content\/uploads\/2024\/03\/Arrete-reglementant-circulation-stationnement-autocars-des-publication-arrete.pdf\" target=\"_blank\" rel=\"noreferrer noopener\"><strong>Arr\u00eat\u00e9 Municipal du 26 avril 2023<\/strong><\/a>, la circulation et le stationnement des autocars en centre ville sont r\u00e9glement\u00e9s durant la p\u00e9riode estivale.<br><br>La circulation des autocars de plus de neuf places est r\u00e9glement\u00e9e dans les rues suivantes : boulevard Fernand Moureaux, place Foch, boulevard de la Cahotte et quai Albert Premier. Cette r\u00e9glementation s\u2019applique de 9 heures \u00e0 19 heures les samedis, dimanches, jours f\u00e9ri\u00e9s et ponts du mois de mai, et tous les jours en juin, juillet et ao\u00fbt.<br><br>Des autorisations municipales de circulation des autocars doivent \u00eatre sollicit\u00e9es <a href=\"https:\/\/www.trouville.fr\/bus\/reservations\/\"><strong>ici<\/strong><\/a> au moins deux semaines avant la date du s\u00e9jour.<br><br>Les autocars autoris\u00e9s pourront rejoindre leur point de destination, s\u2019arr\u00eater sur l\u2019emplacement pr\u00e9vu \u00e0 cet effet, boulevard de la Cahotte, devant la piscine d&rsquo;une dur\u00e9e de 15mn maximum, puis devront \u00eatre stationn\u00e9 en dehors du centre ville, notamment sur l\u2019un des parkings suivants : parking du lyc\u00e9e Marie-Joseph \u00e0 Hennequeville \u2026<\/p>\n\n\n\n<div style=\"height:41px\" aria-hidden=\"true\" class=\"wp-block-spacer\"><\/div>\n\n\n\n<div class=\"wp-block-buttons alignwide has-custom-font-size has-large-font-size is-content-justification-center is-layout-flex wp-container-core-buttons-is-layout-16018d1d wp-block-buttons-is-layout-flex\">\n<div class=\"wp-block-button has-custom-width wp-block-button__width-75\"><a class=\"wp-block-button__link has-white-color has-vivid-cyan-blue-background-color has-text-color has-background has-link-color has-text-align-center wp-element-button\" href=\"https:\/\/www.trouville.fr\/bus\/reservations\/\" style=\"padding-top:0;padding-right:var(--wp--preset--spacing--40);padding-bottom:0;padding-left:var(--wp--preset--spacing--40)\">R\u00e9servez<\/a><\/div>\n<\/div>\n\n\n\n<div style=\"height:71px\" aria-hidden=\"true\" class=\"wp-block-spacer\"><\/div>\n","protected":false},"excerpt":{"rendered":"<p>ATTENTION 1 demande pour un bus, 2 demandes pour 2 bus &#8230; En vertu de l\u2019Arr\u00eat\u00e9 Municipal du 26 avril 2023, la circulation et le stationnement des autocars en centre ville sont r\u00e9glement\u00e9s durant la p\u00e9riode estivale. La circulation des autocars de plus de neuf places est r\u00e9glement\u00e9e dans les rues suivantes : boulevard Fernand&hellip;<\/p>\n","protected":false},"author":1,"featured_media":0,"parent":0,"menu_order":1,"comment_status":"closed","ping_status":"closed","template":"","meta":{"_uag_custom_page_level_css":"","footnotes":""},"class_list":["post-55","page","type-page","status-publish","hentry"],"uagb_featured_image_src":{"full":false,"thumbnail":false,"medium":false,"medium_large":false,"large":false,"1536x1536":false,"2048x2048":false,"post-thumbnail":false,"envo-blog-single":false,"envo-blog-thumbnail":false},"uagb_author_info":{"display_name":"admin","author_link":"https:\/\/www.trouville.fr\/bus\/author\/admin\/"},"uagb_comment_info":0,"uagb_excerpt":"ATTENTION 1 demande pour un bus, 2 demandes pour 2 bus &#8230; En vertu de l\u2019Arr\u00eat\u00e9 Municipal du 26 avril 2023, la circulation et le stationnement des autocars en centre ville sont r\u00e9glement\u00e9s durant la p\u00e9riode estivale. La circulation des autocars de plus de neuf places est r\u00e9glement\u00e9e dans les rues suivantes : boulevard Fernand&hellip;","_links":{"self":[{"href":"https:\/\/www.trouville.fr\/bus\/wp-json\/wp\/v2\/pages\/55","targetHints":{"allow":["GET"]}}],"collection":[{"href":"https:\/\/www.trouville.fr\/bus\/wp-json\/wp\/v2\/pages"}],"about":[{"href":"https:\/\/www.trouville.fr\/bus\/wp-json\/wp\/v2\/types\/page"}],"author":[{"embeddable":true,"href":"https:\/\/www.trouville.fr\/bus\/wp-json\/wp\/v2\/users\/1"}],"replies":[{"embeddable":true,"href":"https:\/\/www.trouville.fr\/bus\/wp-json\/wp\/v2\/comments?post=55"}],"version-history":[{"count":18,"href":"https:\/\/www.trouville.fr\/bus\/wp-json\/wp\/v2\/pages\/55\/revisions"}],"predecessor-version":[{"id":316,"href":"https:\/\/www.trouville.fr\/bus\/wp-json\/wp\/v2\/pages\/55\/revisions\/316"}],"wp:attachment":[{"href":"https:\/\/www.trouville.fr\/bus\/wp-json\/wp\/v2\/media?parent=55"}],"curies":[{"name":"wp","href":"https:\/\/api.w.org\/{rel}","templated":true}]}}